{"id":571643,"date":"2021-04-06T11:49:31","date_gmt":"2021-04-06T09:49:31","guid":{"rendered":"https:\/\/metrovacesa.com\/?page_id=571643"},"modified":"2024-10-02T17:01:34","modified_gmt":"2024-10-02T15:01:34","slug":"locals","status":"publish","type":"page","link":"https:\/\/metrovacesa.com\/ca\/locals","title":{"rendered":"Locals"},"content":{"rendered":"","protected":false},"excerpt":{"rendered":"","protected":false},"author":21,"featured_media":0,"parent":0,"menu_order":17,"comment_status":"closed","ping_status":"closed","template":"template-locales.php","meta":{"_acf_changed":false,"footnotes":""},"class_list":["post-571643","page","type-page","status-publish","hentry"],"acf":[],"yoast_head":"<!-- This site is optimized with the Yoast SEO Premium plugin v27.3 (Yoast SEO v27.3) - https:\/\/yoast.com\/product\/yoast-seo-premium-wordpress\/ -->\n<title>Locals Comercials d&#039;Obra Nova a Malaga | Metrovacesa<\/title>\n<meta name=\"description\" content=\"Troba l&#039;espai ideal per a la teva empresa a M\u00e0laga. Els locals comercials de nova construcci\u00f3 et ofereixen modernitat, efici\u00e8ncia i ubicaci\u00f3 estrat\u00e8gica.\" \/>\n<meta name=\"robots\" content=\"index, follow, max-snippet:-1, max-image-preview:large, max-video-preview:-1\" \/>\n<meta property=\"og:locale\" content=\"ca_ES\" \/>\n<meta property=\"og:type\" content=\"article\" \/>\n<meta property=\"og:title\" content=\"Locals\" \/>\n<meta property=\"og:description\" content=\"Explora locals comercials de nova construcci\u00f3 amb Metrovacesa. Inverteix en el futur del teu negoci amb les nostres opcions immobili\u00e0ries de qualitat!\" \/>\n<meta property=\"og:url\" content=\"https:\/\/metrovacesa.com\/ca\/locals\" \/>\n<meta property=\"og:site_name\" content=\"Metrovacesa\" \/>\n<meta property=\"article:publisher\" content=\"https:\/\/www.facebook.com\/metrovacesa\" \/>\n<meta property=\"article:modified_time\" content=\"2024-10-02T15:01:34+00:00\" \/>\n<meta property=\"og:image\" content=\"https:\/\/metrovacesa.com\/wp-content\/uploads\/2025\/02\/avatar_metrovacesa_facebook.png\" \/>\n\t<meta property=\"og:image:width\" content=\"360\" \/>\n\t<meta property=\"og:image:height\" content=\"360\" \/>\n\t<meta property=\"og:image:type\" content=\"image\/png\" \/>\n<meta name=\"twitter:card\" content=\"summary_large_image\" \/>\n<meta name=\"twitter:site\" content=\"@metrovacesa\" \/>\n<script type=\"application\/ld+json\" class=\"yoast-schema-graph\">{\"@context\":\"https:\\\/\\\/schema.org\",\"@graph\":null}<\/script>\n<!-- \/ Yoast SEO Premium plugin. -->","yoast_head_json":{"title":"Locals Comercials d'Obra Nova a Malaga | Metrovacesa","description":"Troba l'espai ideal per a la teva empresa a M\u00e0laga. Els locals comercials de nova construcci\u00f3 et ofereixen modernitat, efici\u00e8ncia i ubicaci\u00f3 estrat\u00e8gica.","robots":{"index":"index","follow":"follow","max-snippet":"max-snippet:-1","max-image-preview":"max-image-preview:large","max-video-preview":"max-video-preview:-1"},"og_locale":"ca_ES","og_type":"article","og_title":"Locals","og_description":"Explora locals comercials de nova construcci\u00f3 amb Metrovacesa. Inverteix en el futur del teu negoci amb les nostres opcions immobili\u00e0ries de qualitat!","og_url":"https:\/\/metrovacesa.com\/ca\/locals","og_site_name":"Metrovacesa","article_publisher":"https:\/\/www.facebook.com\/metrovacesa","article_modified_time":"2024-10-02T15:01:34+00:00","og_image":[{"width":360,"height":360,"url":"https:\/\/metrovacesa.com\/wp-content\/uploads\/2025\/02\/avatar_metrovacesa_facebook.png","type":"image\/png"}],"twitter_card":"summary_large_image","twitter_site":"@metrovacesa","schema":{"@context":"https:\/\/schema.org","@graph":null}},"_links":{"self":[{"href":"https:\/\/metrovacesa.com\/ca\/wp-json\/wp\/v2\/pages\/571643","targetHints":{"allow":["GET"]}}],"collection":[{"href":"https:\/\/metrovacesa.com\/ca\/wp-json\/wp\/v2\/pages"}],"about":[{"href":"https:\/\/metrovacesa.com\/ca\/wp-json\/wp\/v2\/types\/page"}],"author":[{"embeddable":true,"href":"https:\/\/metrovacesa.com\/ca\/wp-json\/wp\/v2\/users\/21"}],"replies":[{"embeddable":true,"href":"https:\/\/metrovacesa.com\/ca\/wp-json\/wp\/v2\/comments?post=571643"}],"version-history":[{"count":2,"href":"https:\/\/metrovacesa.com\/ca\/wp-json\/wp\/v2\/pages\/571643\/revisions"}],"predecessor-version":[{"id":1055505,"href":"https:\/\/metrovacesa.com\/ca\/wp-json\/wp\/v2\/pages\/571643\/revisions\/1055505"}],"wp:attachment":[{"href":"https:\/\/metrovacesa.com\/ca\/wp-json\/wp\/v2\/media?parent=571643"}],"curies":[{"name":"wp","href":"https:\/\/api.w.org\/{rel}","templated":true}]}}